{"id":376,"date":"2022-09-26T17:17:58","date_gmt":"2022-09-26T09:17:58","guid":{"rendered":"https:\/\/game.solarpromo.net\/vn\/?page_id=376"},"modified":"2022-09-30T16:46:22","modified_gmt":"2022-09-30T08:46:22","slug":"day11","status":"publish","type":"page","link":"https:\/\/game.solarpromo.net\/vn\/day11\/","title":{"rendered":"Day11"},"content":{"rendered":"<div id=\"pl-376\"  class=\"panel-layout\" ><div id=\"pg-376-0\"  class=\"panel-grid panel-has-style\" ><div class=\"siteorigin-panels-stretch panel-row-style panel-row-style-for-376-0\" data-stretch-type=\"full-stretched\" ><div id=\"pgc-376-0-0\"  class=\"panel-grid-cell\" ><div id=\"panel-376-0-0-0\" class=\"so-panel widget widget_sow-slider panel-first-child panel-last-child\" data-index=\"0\" ><div class=\"panel-widget-style panel-widget-style-for-376-0-0-0\" ><div\n\t\t\t\n\t\t\tclass=\"so-widget-sow-slider so-widget-sow-slider-default-53fd0f98de19-376\"\n\t\t\t\n\t\t><div class=\"sow-slider-base\" style=\"display: none\"><ul\n\t\t\t\t\tclass=\"sow-slider-images\"\n\t\t\t\t\tdata-settings=\"{&quot;pagination&quot;:true,&quot;speed&quot;:800,&quot;timeout&quot;:8000,&quot;paused&quot;:false,&quot;pause_on_hover&quot;:false,&quot;swipe&quot;:true,&quot;nav_always_show_desktop&quot;:&quot;&quot;,&quot;nav_always_show_mobile&quot;:&quot;&quot;,&quot;breakpoint&quot;:&quot;780px&quot;,&quot;unmute&quot;:false,&quot;anchor&quot;:null}\"\n\t\t\t\t\t\t\t\t\t\tdata-anchor-id=\"\"\n\t\t\t\t>\t\t<li class=\"sow-slider-image\" style=\"\" >\n\t\t\t\t\t\t<div class=\"sow-slider-image-container\">\n\t\t\t\t<div class=\"sow-slider-image-wrapper\" style=\"max-width: 1920px\">\n\t\t\t\t\t\t\t\t\t\t<div class=\"sow-slider-image-foreground-wrapper\">\n\t\t\t\t\t\t<img fetchpriority=\"high\" decoding=\"async\" width=\"1920\" height=\"400\" src=\"https:\/\/game.solarpromo.net\/vn\/wp-content\/uploads\/2022\/09\/World-Cup-Banner-VN-1x2-1.jpg\" class=\"sow-slider-foreground-image skip-lazy\" alt=\"\" loading=\"eager\" style=\"\" srcset=\"https:\/\/game.solarpromo.net\/vn\/wp-content\/uploads\/2022\/09\/World-Cup-Banner-VN-1x2-1.jpg 1920w, https:\/\/game.solarpromo.net\/vn\/wp-content\/uploads\/2022\/09\/World-Cup-Banner-VN-1x2-1-300x63.jpg 300w, https:\/\/game.solarpromo.net\/vn\/wp-content\/uploads\/2022\/09\/World-Cup-Banner-VN-1x2-1-1024x213.jpg 1024w, https:\/\/game.solarpromo.net\/vn\/wp-content\/uploads\/2022\/09\/World-Cup-Banner-VN-1x2-1-768x160.jpg 768w, https:\/\/game.solarpromo.net\/vn\/wp-content\/uploads\/2022\/09\/World-Cup-Banner-VN-1x2-1-1536x320.jpg 1536w\" sizes=\"(max-width: 1920px) 100vw, 1920px\" \/>\t\t\t\t\t<\/div>\n\t\t\t\t\t\t\t\t\t<\/div>\n\t\t\t<\/div>\n\t\t\t\t\t<\/li>\n\t\t<\/ul>\t\t\t\t<ol class=\"sow-slider-pagination\">\n\t\t\t\t\t\t\t\t\t\t\t<li><a href=\"#\" data-goto=\"0\" aria-label=\"display slide 1\"><\/a><\/li>\n\t\t\t\t\t\t\t\t\t<\/ol>\n\n\t\t\t\t<div class=\"sow-slide-nav sow-slide-nav-next\">\n\t\t\t\t\t<a href=\"#\" data-goto=\"next\" aria-label=\"next slide\" data-action=\"next\">\n\t\t\t\t\t\t<em class=\"sow-sld-icon-thin-right\"><\/em>\n\t\t\t\t\t<\/a>\n\t\t\t\t<\/div>\n\n\t\t\t\t<div class=\"sow-slide-nav sow-slide-nav-prev\">\n\t\t\t\t\t<a href=\"#\" data-goto=\"previous\" aria-label=\"previous slide\" data-action=\"prev\">\n\t\t\t\t\t\t<em class=\"sow-sld-icon-thin-left\"><\/em>\n\t\t\t\t\t<\/a>\n\t\t\t\t<\/div>\n\t\t\t\t<\/div><\/div><\/div><\/div><\/div><\/div><\/div><div id=\"pg-376-1\"  class=\"panel-grid panel-has-style\" ><div class=\"siteorigin-panels-stretch panel-row-style panel-row-style-for-376-1\" data-stretch-type=\"full-stretched\" ><div id=\"pgc-376-1-0\"  class=\"panel-grid-cell\" ><div id=\"panel-376-1-0-0\" class=\"so-panel widget widget_sow-slider panel-first-child panel-last-child\" data-index=\"1\" ><div class=\"panel-widget-style panel-widget-style-for-376-1-0-0\" ><div\n\t\t\t\n\t\t\tclass=\"so-widget-sow-slider so-widget-sow-slider-default-53fd0f98de19-376\"\n\t\t\t\n\t\t><div class=\"sow-slider-base\" style=\"display: none\"><ul\n\t\t\t\t\tclass=\"sow-slider-images\"\n\t\t\t\t\tdata-settings=\"{&quot;pagination&quot;:true,&quot;speed&quot;:800,&quot;timeout&quot;:8000,&quot;paused&quot;:false,&quot;pause_on_hover&quot;:false,&quot;swipe&quot;:true,&quot;nav_always_show_desktop&quot;:&quot;&quot;,&quot;nav_always_show_mobile&quot;:&quot;&quot;,&quot;breakpoint&quot;:&quot;780px&quot;,&quot;unmute&quot;:false,&quot;anchor&quot;:null}\"\n\t\t\t\t\t\t\t\t\t\tdata-anchor-id=\"\"\n\t\t\t\t>\t\t<li class=\"sow-slider-image\" style=\"\" >\n\t\t\t\t\t\t<div class=\"sow-slider-image-container\">\n\t\t\t\t<div class=\"sow-slider-image-wrapper\" style=\"max-width: 920px\">\n\t\t\t\t\t\t\t\t\t\t<div class=\"sow-slider-image-foreground-wrapper\">\n\t\t\t\t\t\t<img decoding=\"async\" width=\"920\" height=\"380\" src=\"https:\/\/game.solarpromo.net\/vn\/wp-content\/uploads\/2022\/09\/World-Cup-Banner-VN-1x2-Mobile.jpg\" class=\"sow-slider-foreground-image skip-lazy\" alt=\"\" loading=\"eager\" style=\"\" srcset=\"https:\/\/game.solarpromo.net\/vn\/wp-content\/uploads\/2022\/09\/World-Cup-Banner-VN-1x2-Mobile.jpg 920w, https:\/\/game.solarpromo.net\/vn\/wp-content\/uploads\/2022\/09\/World-Cup-Banner-VN-1x2-Mobile-300x124.jpg 300w, https:\/\/game.solarpromo.net\/vn\/wp-content\/uploads\/2022\/09\/World-Cup-Banner-VN-1x2-Mobile-768x317.jpg 768w\" sizes=\"(max-width: 920px) 100vw, 920px\" \/>\t\t\t\t\t<\/div>\n\t\t\t\t\t\t\t\t\t<\/div>\n\t\t\t<\/div>\n\t\t\t\t\t<\/li>\n\t\t<\/ul>\t\t\t\t<ol class=\"sow-slider-pagination\">\n\t\t\t\t\t\t\t\t\t\t\t<li><a href=\"#\" data-goto=\"0\" aria-label=\"display slide 1\"><\/a><\/li>\n\t\t\t\t\t\t\t\t\t<\/ol>\n\n\t\t\t\t<div class=\"sow-slide-nav sow-slide-nav-next\">\n\t\t\t\t\t<a href=\"#\" data-goto=\"next\" aria-label=\"next slide\" data-action=\"next\">\n\t\t\t\t\t\t<em class=\"sow-sld-icon-thin-right\"><\/em>\n\t\t\t\t\t<\/a>\n\t\t\t\t<\/div>\n\n\t\t\t\t<div class=\"sow-slide-nav sow-slide-nav-prev\">\n\t\t\t\t\t<a href=\"#\" data-goto=\"previous\" aria-label=\"previous slide\" data-action=\"prev\">\n\t\t\t\t\t\t<em class=\"sow-sld-icon-thin-left\"><\/em>\n\t\t\t\t\t<\/a>\n\t\t\t\t<\/div>\n\t\t\t\t<\/div><\/div><\/div><\/div><\/div><\/div><\/div><div id=\"pg-376-2\"  class=\"panel-grid panel-no-style\" ><div id=\"pgc-376-2-0\"  class=\"panel-grid-cell\" ><div id=\"panel-376-2-0-0\" class=\"so-panel widget widget_sow-button panel-first-child panel-last-child\" data-index=\"2\" ><div\n\t\t\t\n\t\t\tclass=\"so-widget-sow-button so-widget-sow-button-flat-d0c19a2b06b6-376\"\n\t\t\t\n\t\t><div class=\"ow-button-base ow-button-align-right\">\n\t<a href=\"#wow-modal-id-1\" class=\"ow-icon-placement-left ow-button-hover\" \t\t>\n\t\t<span>\n\t\t\t\n\t\t\tC\u01a0 C\u1ea4U TR\u00d2 CH\u01a0I V\u00c0 GI\u1ea2I TH\u01af\u1edeNG\t\t<\/span>\n\t<\/a>\n<\/div>\n<\/div><\/div><\/div><div id=\"pgc-376-2-1\"  class=\"panel-grid-cell\" ><div id=\"panel-376-2-1-0\" class=\"so-panel widget widget_sow-button panel-first-child panel-last-child\" data-index=\"3\" ><div\n\t\t\t\n\t\t\tclass=\"so-widget-sow-button so-widget-sow-button-flat-7475a970e9a8-376\"\n\t\t\t\n\t\t><div class=\"ow-button-base ow-button-align-left\">\n\t<a href=\"#wow-modal-id-2\" class=\"ow-icon-placement-left\" \t\t>\n\t\t<span>\n\t\t\t\n\t\t\tB\u1ea2NG X\u1ebeP H\u1ea0NG TR\u00d2 CH\u01a0I\t\t<\/span>\n\t<\/a>\n<\/div>\n<\/div><\/div><\/div><\/div><div id=\"pg-376-3\"  class=\"panel-grid panel-no-style\" ><div id=\"pgc-376-3-0\"  class=\"panel-grid-cell\" ><div id=\"panel-376-3-0-0\" class=\"widget_text so-panel widget widget_custom_html panel-first-child panel-last-child\" data-index=\"4\" ><div class=\"widget_text panel-widget-style panel-widget-style-for-376-3-0-0\" ><div class=\"textwidget custom-html-widget\"><div class=\"wcdropdown\">\n  <button class=\"wcdropbtn\">CH\u1eccN NG\u00c0Y THI \u0110\u1ea4U<i class=\"fa-solid fa-chevron-down\"><\/i><\/button>\n  <div class=\"wcdropdown-content\">\n    <a href=\"http:\/\/game.solarpromo.net\/vn\">NG\u00c0Y THI \u0110\u1ea4U 1<\/a>\n    <a href=\"http:\/\/game.solarpromo.net\/vn\/day2\">NG\u00c0Y THI \u0110\u1ea4U 2<\/a>\n    <a href=\"http:\/\/game.solarpromo.net\/vn\/day3\">NG\u00c0Y THI \u0110\u1ea4U 3<\/a>\n\t\t<a href=\"http:\/\/game.solarpromo.net\/vn\/day4\">NG\u00c0Y THI \u0110\u1ea4U 4<\/a>\n    <a href=\"http:\/\/game.solarpromo.net\/vn\/day5\">NG\u00c0Y THI \u0110\u1ea4U 5<\/a>\n    <a href=\"http:\/\/game.solarpromo.net\/vn\/day6\">NG\u00c0Y THI \u0110\u1ea4U 6<\/a>\n\t\t<a href=\"http:\/\/game.solarpromo.net\/vn\/day7\">NG\u00c0Y THI \u0110\u1ea4U 7<\/a>\n    <a href=\"http:\/\/game.solarpromo.net\/vn\/day8\">NG\u00c0Y THI \u0110\u1ea4U 8<\/a>\n    <a href=\"http:\/\/game.solarpromo.net\/vn\/day9\">NG\u00c0Y THI \u0110\u1ea4U 9<\/a>\n\t\t<a href=\"http:\/\/game.solarpromo.net\/vn\/day10\">NG\u00c0Y THI \u0110\u1ea4U 10<\/a>\n    <a href=\"http:\/\/game.solarpromo.net\/vn\/day11\">NG\u00c0Y THI \u0110\u1ea4U 11<\/a>\n    <a href=\"http:\/\/game.solarpromo.net\/vn\/day12\">NG\u00c0Y THI \u0110\u1ea4U 12<\/a>\n  <\/div>\n<\/div><\/div><\/div><\/div><\/div><\/div><div id=\"pg-376-4\"  class=\"panel-grid panel-has-style\" ><div class=\"game-tabs panel-row-style panel-row-style-for-376-4\" ><div id=\"pgc-376-4-0\"  class=\"panel-grid-cell\" ><div id=\"panel-376-4-0-0\" class=\"so-panel widget widget_sow-button panel-first-child panel-last-child\" data-index=\"5\" ><div\n\t\t\t\n\t\t\tclass=\"so-widget-sow-button so-widget-sow-button-flat-840a8766226b-376\"\n\t\t\t\n\t\t><div class=\"ow-button-base ow-button-align-center\">\n\t<a href=\"https:\/\/game.solarpromo.net\/vn\/day9\" class=\"ow-icon-placement-left ow-button-hover\" \t\t>\n\t\t<span>\n\t\t\t\n\t\t\tNG\u00c0Y THI \u0110\u1ea4U 9\t\t<\/span>\n\t<\/a>\n<\/div>\n<\/div><\/div><\/div><div id=\"pgc-376-4-1\"  class=\"panel-grid-cell\" ><div id=\"panel-376-4-1-0\" class=\"so-panel widget widget_sow-button panel-first-child panel-last-child\" data-index=\"6\" ><div\n\t\t\t\n\t\t\tclass=\"so-widget-sow-button so-widget-sow-button-flat-840a8766226b-376\"\n\t\t\t\n\t\t><div class=\"ow-button-base ow-button-align-center\">\n\t<a href=\"https:\/\/game.solarpromo.net\/vn\/day10\" class=\"ow-icon-placement-left ow-button-hover\" \t\t>\n\t\t<span>\n\t\t\t\n\t\t\tNG\u00c0Y THI \u0110\u1ea4U 10\t\t<\/span>\n\t<\/a>\n<\/div>\n<\/div><\/div><\/div><div id=\"pgc-376-4-2\"  class=\"panel-grid-cell\" ><div id=\"panel-376-4-2-0\" class=\"so-panel widget widget_sow-button panel-first-child panel-last-child\" data-index=\"7\" ><div\n\t\t\t\n\t\t\tclass=\"so-widget-sow-button so-widget-sow-button-flat-b6d971f0feb9-376\"\n\t\t\t\n\t\t><div class=\"ow-button-base ow-button-align-center\">\n\t<a href=\"https:\/\/game.solarpromo.net\/vn\/day11\" class=\"ow-icon-placement-left\" \t\t>\n\t\t<span>\n\t\t\t\n\t\t\tNG\u00c0Y THI \u0110\u1ea4U 11\t\t<\/span>\n\t<\/a>\n<\/div>\n<\/div><\/div><\/div><div id=\"pgc-376-4-3\"  class=\"panel-grid-cell\" ><div id=\"panel-376-4-3-0\" class=\"so-panel widget widget_sow-button panel-first-child panel-last-child\" data-index=\"8\" ><div\n\t\t\t\n\t\t\tclass=\"so-widget-sow-button so-widget-sow-button-flat-840a8766226b-376\"\n\t\t\t\n\t\t><div class=\"ow-button-base ow-button-align-center\">\n\t<a href=\"https:\/\/game.solarpromo.net\/vn\/day12\" class=\"ow-icon-placement-left ow-button-hover\" \t\t>\n\t\t<span>\n\t\t\t\n\t\t\tNG\u00c0Y THI \u0110\u1ea4U 12\t\t<\/span>\n\t<\/a>\n<\/div>\n<\/div><\/div><\/div><\/div><\/div><div id=\"pg-376-5\"  class=\"panel-grid panel-has-style\" ><div class=\"game-tabs panel-row-style panel-row-style-for-376-5\" ><div id=\"pgc-376-5-0\"  class=\"panel-grid-cell\" ><div id=\"panel-376-5-0-0\" class=\"so-panel widget widget_sow-button panel-first-child\" data-index=\"9\" ><div\n\t\t\t\n\t\t\tclass=\"so-widget-sow-button so-widget-sow-button-flat-840a8766226b-376\"\n\t\t\t\n\t\t><div class=\"ow-button-base ow-button-align-center\">\n\t<a href=\"https:\/\/game.solarpromo.net\/vn\/day9\" class=\"ow-icon-placement-left ow-button-hover\" \t\t>\n\t\t<span>\n\t\t\t\n\t\t\tNG\u00c0Y THI \u0110\u1ea4U 9\t\t<\/span>\n\t<\/a>\n<\/div>\n<\/div><\/div><div id=\"panel-376-5-0-1\" class=\"so-panel widget widget_sow-button panel-last-child\" data-index=\"10\" ><div\n\t\t\t\n\t\t\tclass=\"so-widget-sow-button so-widget-sow-button-flat-b6d971f0feb9-376\"\n\t\t\t\n\t\t><div class=\"ow-button-base ow-button-align-center\">\n\t<a href=\"https:\/\/game.solarpromo.net\/vn\/day11\" class=\"ow-icon-placement-left\" \t\t>\n\t\t<span>\n\t\t\t\n\t\t\tNG\u00c0Y THI \u0110\u1ea4U 11\t\t<\/span>\n\t<\/a>\n<\/div>\n<\/div><\/div><\/div><div id=\"pgc-376-5-1\"  class=\"panel-grid-cell\" ><div id=\"panel-376-5-1-0\" class=\"so-panel widget widget_sow-button panel-first-child\" data-index=\"11\" ><div\n\t\t\t\n\t\t\tclass=\"so-widget-sow-button so-widget-sow-button-flat-840a8766226b-376\"\n\t\t\t\n\t\t><div class=\"ow-button-base ow-button-align-center\">\n\t<a href=\"https:\/\/game.solarpromo.net\/vn\/day10\" class=\"ow-icon-placement-left ow-button-hover\" \t\t>\n\t\t<span>\n\t\t\t\n\t\t\tNG\u00c0Y THI \u0110\u1ea4U 10\t\t<\/span>\n\t<\/a>\n<\/div>\n<\/div><\/div><div id=\"panel-376-5-1-1\" class=\"so-panel widget widget_sow-button panel-last-child\" data-index=\"12\" ><div\n\t\t\t\n\t\t\tclass=\"so-widget-sow-button so-widget-sow-button-flat-840a8766226b-376\"\n\t\t\t\n\t\t><div class=\"ow-button-base ow-button-align-center\">\n\t<a href=\"https:\/\/game.solarpromo.net\/vn\/day12\" class=\"ow-icon-placement-left ow-button-hover\" \t\t>\n\t\t<span>\n\t\t\t\n\t\t\tNG\u00c0Y THI \u0110\u1ea4U 12\t\t<\/span>\n\t<\/a>\n<\/div>\n<\/div><\/div><\/div><\/div><\/div><div id=\"pg-376-6\"  class=\"panel-grid panel-no-style\" ><div id=\"pgc-376-6-0\"  class=\"panel-grid-cell\" ><div id=\"panel-376-6-0-0\" class=\"so-panel widget widget_sow-editor panel-first-child panel-last-child\" data-index=\"13\" ><div\n\t\t\t\n\t\t\tclass=\"so-widget-sow-editor so-widget-sow-editor-base\"\n\t\t\t\n\t\t>\n<div class=\"siteorigin-widget-tinymce textwidget\">\n\t<div role=\"form\" class=\"wpcf7\" id=\"wpcf7-f337-o1\" lang=\"en-US\" dir=\"ltr\">\n<div class=\"screen-reader-response\"><p role=\"status\" aria-live=\"polite\" aria-atomic=\"true\"><\/p> <ul><\/ul><\/div>\n<form action=\"\/vn\/wp-json\/wp\/v2\/pages\/376#wpcf7-f337-o1\" method=\"post\" class=\"wpcf7-form init\" novalidate=\"novalidate\" data-status=\"init\">\n<div style=\"display: none;\">\n<input type=\"hidden\" name=\"_wpcf7\" value=\"337\" \/>\n<input type=\"hidden\" name=\"_wpcf7_version\" value=\"5.6.2\" \/>\n<input type=\"hidden\" name=\"_wpcf7_locale\" value=\"en_US\" \/>\n<input type=\"hidden\" name=\"_wpcf7_unit_tag\" value=\"wpcf7-f337-o1\" \/>\n<input type=\"hidden\" name=\"_wpcf7_container_post\" value=\"0\" \/>\n<input type=\"hidden\" name=\"_wpcf7_posted_data_hash\" value=\"\" \/>\n<\/div>\n<div class=\"wcup-form\">\n<div class=\"game-text\">\n<h2>D\u1ef0 \u0110O\u00c1N 1x2<\/h2>\n<\/div>\n<div class=\"form-inline\">\n<div class=\"wcards-con\">\n<div class=\"wcard-hdr\">\n<p>B\u1ea2NG F - 01 DEC<\/p>\n<\/div>\n<div class=\"wcards\">\n<div class=\"wteam\">\n\t\t\t<img decoding=\"async\" src=\"https:\/\/worldcup-22.com\/wp-content\/uploads\/2022\/09\/flag-canada.jpg\"><\/p>\n<p>CANADA<\/p>\n<\/div>\n<div class=\"tnd\">\n\t\t\t22:00\n\t\t<\/div>\n<div class=\"wteam\">\n\t\t\t<img decoding=\"async\" src=\"https:\/\/worldcup-22.com\/wp-content\/uploads\/2022\/09\/flag-morocco.jpg\"><\/p>\n<p>MOROCCO<\/p>\n<\/div>\n<\/div>\n<p><span class=\"wpcf7-form-control-wrap\" data-name=\"dec01-g3\"><select name=\"dec01-g3\" class=\"wpcf7-form-control wpcf7-select wpcf7-validates-as-required\" aria-required=\"true\" aria-invalid=\"false\"><option value=\"\">-CH\u1eccN \u0110\u1ed8I-<\/option><option value=\"Canada\">Canada<\/option><option value=\"Ho\u00e0\">Ho\u00e0<\/option><option value=\"Morocco\">Morocco<\/option><\/select><\/span>\n<\/p><\/div>\n<div class=\"wcards-con\">\n<div class=\"wcard-hdr\">\n<p>B\u1ea2NG F - 01 DEC<\/p>\n<\/div>\n<div class=\"wcards\">\n<div class=\"wteam\">\n\t\t\t<img decoding=\"async\" src=\"https:\/\/worldcup-22.com\/wp-content\/uploads\/2022\/09\/flag-croatia.jpg\"><\/p>\n<p>CROATIA<\/p>\n<\/div>\n<div class=\"tnd\">\n\t\t\t22:00\n\t\t<\/div>\n<div class=\"wteam\">\n\t\t\t<img decoding=\"async\" src=\"https:\/\/worldcup-22.com\/wp-content\/uploads\/2022\/09\/flag-belgium.jpg\"><\/p>\n<p>BELGIUM<\/p>\n<\/div>\n<\/div>\n<p><span class=\"wpcf7-form-control-wrap\" data-name=\"dec01-g4\"><select name=\"dec01-g4\" class=\"wpcf7-form-control wpcf7-select wpcf7-validates-as-required\" aria-required=\"true\" aria-invalid=\"false\"><option value=\"\">-CH\u1eccN \u0110\u1ed8I-<\/option><option value=\"Croatia\">Croatia<\/option><option value=\"Ho\u00e0\">Ho\u00e0<\/option><option value=\"Belgium\">Belgium<\/option><\/select><\/span>\n<\/p><\/div>\n<div class=\"wcards-con\">\n<div class=\"wcard-hdr\">\n<p>B\u1ea2NG E - 02 DEC<\/p>\n<\/div>\n<div class=\"wcards\">\n<div class=\"wteam\">\n\t\t\t<img decoding=\"async\" src=\"https:\/\/worldcup-22.com\/wp-content\/uploads\/2022\/09\/flag-japan.jpg\"><\/p>\n<p>JAPAN<\/p>\n<\/div>\n<div class=\"tnd\">\n\t\t\t02:00\n\t\t<\/div>\n<div class=\"wteam\">\n\t\t\t<img decoding=\"async\" src=\"https:\/\/worldcup-22.com\/wp-content\/uploads\/2022\/09\/flag-spain.jpg\"><\/p>\n<p>SPAIN<\/p>\n<\/div>\n<\/div>\n<p><span class=\"wpcf7-form-control-wrap\" data-name=\"dec02-g1\"><select name=\"dec02-g1\" class=\"wpcf7-form-control wpcf7-select wpcf7-validates-as-required\" aria-required=\"true\" aria-invalid=\"false\"><option value=\"\">-CH\u1eccN \u0110\u1ed8I-<\/option><option value=\"Japan\">Japan<\/option><option value=\"Ho\u00e0\">Ho\u00e0<\/option><option value=\"Spain\">Spain<\/option><\/select><\/span>\n<\/p><\/div>\n<div class=\"wcards-con\">\n<div class=\"wcard-hdr\">\n<p>B\u1ea2NG E - 02 DEC<\/p>\n<\/div>\n<div class=\"wcards\">\n<div class=\"wteam\">\n\t\t\t<img decoding=\"async\" src=\"https:\/\/worldcup-22.com\/wp-content\/uploads\/2022\/09\/flag-costa-rica.jpg\"><\/p>\n<p>COSTA RICA<\/p>\n<\/div>\n<div class=\"tnd\">\n\t\t\t02:00\n\t\t<\/div>\n<div class=\"wteam\">\n\t\t\t<img decoding=\"async\" src=\"https:\/\/worldcup-22.com\/wp-content\/uploads\/2022\/09\/flag-germany.jpg\"><\/p>\n<p>GERMANY<\/p>\n<\/div>\n<\/div>\n<p><span class=\"wpcf7-form-control-wrap\" data-name=\"dec02-g2\"><select name=\"dec02-g2\" class=\"wpcf7-form-control wpcf7-select wpcf7-validates-as-required\" aria-required=\"true\" aria-invalid=\"false\"><option value=\"\">-CH\u1eccN \u0110\u1ed8I-<\/option><option value=\"Costa Rica\">Costa Rica<\/option><option value=\"Ho\u00e0\">Ho\u00e0<\/option><option value=\"Germany\">Germany<\/option><\/select><\/span>\n<\/p><\/div>\n<\/div>\n<div class=\"game-text\">\n<h3>\u0110I\u1ec0N TH\u00d4NG TIN \u0110\u1ec2 G\u1eecI D\u1ef0 \u0110O\u00c1N C\u1ee6A B\u1ea0N<\/h3>\n<div class=\"info\"> i<\/div>\n<div class=\"infopop\">Vui l\u00f2ng s\u1eed d\u1ee5ng email v\u00e0 s\u1ed1 \u0111i\u1ec7n tho\u1ea1i x\u00e1c th\u1ef1c \u0111\u1ec3 ch\u00fang t\u00f4i c\u00f3 th\u1ec3 li\u00ean h\u1ec7 t\u1edbi b\u1ea1n khi b\u1ea1n th\u1eafng<\/div>\n<\/div>\n<div class=\"form-inline details\">\n<span class=\"wpcf7-form-control-wrap\" data-name=\"your-name\"><input type=\"text\" name=\"your-name\" value=\"\" size=\"40\" class=\"wpcf7-form-control wpcf7-text wpcf7-validates-as-required\" aria-required=\"true\" aria-invalid=\"false\" placeholder=\"T\u00ean \u0111\u0103ng nh\u1eadp\" \/><\/span><br \/>\n<span class=\"wpcf7-form-control-wrap\" data-name=\"your-email\"><input type=\"email\" name=\"your-email\" value=\"\" size=\"40\" class=\"wpcf7-form-control wpcf7-text wpcf7-email wpcf7-validates-as-required wpcf7-validates-as-email\" aria-required=\"true\" aria-invalid=\"false\" placeholder=\"Email\" \/><\/span><\/p>\n<div class=\"telcon\">\n<span class=\"wpcf7-form-control-wrap\" data-name=\"code\"><input type=\"tel\" name=\"code\" value=\"84\" size=\"40\" class=\"wpcf7-form-control wpcf7-text wpcf7-tel wpcf7-validates-as-tel\" readonly=\"readonly\" aria-invalid=\"false\" \/><\/span><span class=\"wpcf7-form-control-wrap\" data-name=\"Contact\"><input type=\"text\" name=\"Contact\" value=\"\" size=\"40\" class=\"wpcf7-form-control wpcf7-text wpcf7-validates-as-required\" aria-required=\"true\" aria-invalid=\"false\" placeholder=\"S\u1ed1 \u0111i\u1ec7n tho\u1ea1i\" \/><\/span>\n<\/div>\n<\/div>\n<p><input type=\"submit\" value=\"G\u1eedi\" class=\"wpcf7-form-control has-spinner wpcf7-submit\" \/><\/p>\n<\/div>\n<p style=\"display: none !important;\"><label>&#916;<textarea name=\"_wpcf7_ak_hp_textarea\" cols=\"45\" rows=\"8\" maxlength=\"100\"><\/textarea><\/label><input type=\"hidden\" id=\"ak_js_1\" name=\"_wpcf7_ak_js\" value=\"107\"\/><script>document.getElementById( \"ak_js_1\" ).setAttribute( \"value\", ( new Date() ).getTime() );<\/script><\/p><div class=\"wpcf7-response-output\" aria-hidden=\"true\"><\/div><\/form><\/div>\n<\/div>\n<\/div><\/div><\/div><\/div><\/div>","protected":false},"excerpt":{"rendered":"<p>C\u01a0 C\u1ea4U TR\u00d2 CH\u01a0I V\u00c0 GI\u1ea2I TH\u01af\u1edeNG B\u1ea2NG X\u1ebeP H\u1ea0NG TR\u00d2 CH\u01a0I CH\u1eccN NG\u00c0Y THI \u0110\u1ea4U NG\u00c0Y THI \u0110\u1ea4U 1 NG\u00c0Y THI \u0110\u1ea4U 2 NG\u00c0Y&hellip;<\/p>\n","protected":false},"author":1,"featured_media":0,"parent":0,"menu_order":0,"comment_status":"closed","ping_status":"closed","template":"","meta":{"om_disable_all_campaigns":false,"_monsterinsights_skip_tracking":false,"_monsterinsights_sitenote_active":false,"_monsterinsights_sitenote_note":"","_monsterinsights_sitenote_category":0,"footnotes":""},"class_list":["post-376","page","type-page","status-publish","hentry"],"_links":{"self":[{"href":"https:\/\/game.solarpromo.net\/vn\/wp-json\/wp\/v2\/pages\/376","targetHints":{"allow":["GET"]}}],"collection":[{"href":"https:\/\/game.solarpromo.net\/vn\/wp-json\/wp\/v2\/pages"}],"about":[{"href":"https:\/\/game.solarpromo.net\/vn\/wp-json\/wp\/v2\/types\/page"}],"author":[{"embeddable":true,"href":"https:\/\/game.solarpromo.net\/vn\/wp-json\/wp\/v2\/users\/1"}],"replies":[{"embeddable":true,"href":"https:\/\/game.solarpromo.net\/vn\/wp-json\/wp\/v2\/comments?post=376"}],"version-history":[{"count":13,"href":"https:\/\/game.solarpromo.net\/vn\/wp-json\/wp\/v2\/pages\/376\/revisions"}],"predecessor-version":[{"id":546,"href":"https:\/\/game.solarpromo.net\/vn\/wp-json\/wp\/v2\/pages\/376\/revisions\/546"}],"wp:attachment":[{"href":"https:\/\/game.solarpromo.net\/vn\/wp-json\/wp\/v2\/media?parent=376"}],"curies":[{"name":"wp","href":"https:\/\/api.w.org\/{rel}","templated":true}]}}